{"id":4,"date":"2018-03-05T17:37:27","date_gmt":"2018-03-05T16:37:27","guid":{"rendered":"https:\/\/zgoda.shim-pol.pl\/?page_id=4"},"modified":"2025-07-15T09:25:04","modified_gmt":"2025-07-15T07:25:04","slug":"formularz-zgody","status":"publish","type":"page","link":"https:\/\/zgoda.shim-pol.pl\/","title":{"rendered":"Formularz zgody"},"content":{"rendered":"<div role=\"form\" class=\"wpcf7\" id=\"wpcf7-f15-o1\" lang=\"pl-PL\" dir=\"ltr\">\n<div class=\"screen-reader-response\"><p role=\"status\" aria-live=\"polite\" aria-atomic=\"true\"><\/p> <ul><\/ul><\/div>\n<form action=\"\/index.php\/wp-json\/wp\/v2\/pages\/4#wpcf7-f15-o1\" method=\"post\" class=\"wpcf7-form init cf7-style cf7-style-50\" novalidate=\"novalidate\" data-status=\"init\">\n<div style=\"display: none;\">\n<input type=\"hidden\" name=\"_wpcf7\" value=\"15\" \/>\n<input type=\"hidden\" name=\"_wpcf7_version\" value=\"5.5.6\" \/>\n<input type=\"hidden\" name=\"_wpcf7_locale\" value=\"pl_PL\" \/>\n<input type=\"hidden\" name=\"_wpcf7_unit_tag\" value=\"wpcf7-f15-o1\" \/>\n<input type=\"hidden\" name=\"_wpcf7_container_post\" value=\"0\" \/>\n<input type=\"hidden\" name=\"_wpcf7_posted_data_hash\" value=\"\" \/>\n<input type=\"hidden\" name=\"_wpcf7cf_hidden_group_fields\" value=\"[]\" \/>\n<input type=\"hidden\" name=\"_wpcf7cf_hidden_groups\" value=\"[]\" \/>\n<input type=\"hidden\" name=\"_wpcf7cf_visible_groups\" value=\"[]\" \/>\n<input type=\"hidden\" name=\"_wpcf7cf_repeaters\" value=\"[]\" \/>\n<input type=\"hidden\" name=\"_wpcf7cf_steps\" value=\"{}\" \/>\n<input type=\"hidden\" name=\"_wpcf7cf_options\" value=\"{&quot;form_id&quot;:15,&quot;conditions&quot;:[{&quot;then_field&quot;:&quot;quiz&quot;,&quot;and_rules&quot;:[{&quot;if_field&quot;:&quot;email&quot;,&quot;operator&quot;:&quot;not equals&quot;,&quot;if_value&quot;:&quot;&quot;}]}],&quot;settings&quot;:{&quot;animation&quot;:&quot;yes&quot;,&quot;animation_intime&quot;:&quot;200&quot;,&quot;animation_outtime&quot;:&quot;200&quot;,&quot;conditions_ui&quot;:&quot;normal&quot;,&quot;notice_dismissed&quot;:&quot;&quot;,&quot;wpcf7cf_settings_saved&quot;:&quot;1&quot;}}\" \/>\n<\/div>\n<p><span class=\"wpcf7-form-control-wrap tytul1\"><span class=\"wpcf7-form-control wpcf7-checkbox wpcf7-exclusive-checkbox\"><span class=\"wpcf7-list-item first\"><input type=\"checkbox\" name=\"tytul1\" value=\"Pani\" \/><span class=\"wpcf7-list-item-label\">Pani<\/span><\/span><span class=\"wpcf7-list-item last\"><input type=\"checkbox\" name=\"tytul1\" value=\"Pan\" \/><span class=\"wpcf7-list-item-label\">Pan<\/span><\/span><\/span><\/span>  <span class=\"wpcf7-form-control-wrap tytul2\"><span class=\"wpcf7-form-control wpcf7-checkbox wpcf7-exclusive-checkbox\"><span class=\"wpcf7-list-item first\"><input type=\"checkbox\" name=\"tytul2\" value=\"Prof.\" \/><span class=\"wpcf7-list-item-label\">Prof.<\/span><\/span><span class=\"wpcf7-list-item last\"><input type=\"checkbox\" name=\"tytul2\" value=\"Dr\" \/><span class=\"wpcf7-list-item-label\">Dr<\/span><\/span><\/span><\/span><br \/>\n<label> Imi\u0119 (wymagane) <span class=\"wpcf7-form-control-wrap imie\"><input type=\"text\" name=\"imie\" value=\"\" size=\"40\" class=\"wpcf7-form-control wpcf7-text wpcf7-validates-as-required\" aria-required=\"true\" aria-invalid=\"false\" \/><\/span><\/label><br \/>\n<label> Nazwisko (wymagane) <span class=\"wpcf7-form-control-wrap nazwisko\"><input type=\"text\" name=\"nazwisko\" value=\"\" size=\"40\" class=\"wpcf7-form-control wpcf7-text wpcf7-validates-as-required\" aria-required=\"true\" aria-invalid=\"false\" \/><\/span><\/label><br \/>\n<label> Firma\/Instytucja <span class=\"wpcf7-form-control-wrap firma\"><input type=\"text\" name=\"firma\" value=\"\" size=\"40\" class=\"wpcf7-form-control wpcf7-text\" aria-invalid=\"false\" \/><\/span><\/label><br \/>\n<label> Nr telefonu (wymagane, gdy zgoda na marketing telefoniczny) <span class=\"wpcf7-form-control-wrap telefon\"><input type=\"tel\" name=\"telefon\" value=\"\" size=\"40\" class=\"wpcf7-form-control wpcf7-text wpcf7-tel wpcf7-validates-as-tel\" aria-invalid=\"false\" \/><\/span><\/label><br \/>\n<label> Email (wymagane) <span class=\"wpcf7-form-control-wrap email\"><input type=\"email\" name=\"email\" value=\"\" size=\"40\" class=\"wpcf7-form-control wpcf7-text wpcf7-email wpcf7-validates-as-required wpcf7-validates-as-email\" aria-required=\"true\" aria-invalid=\"false\" \/><\/span><\/label><\/p>\n<p><span class=\"wpcf7-form-control-wrap zgoda1\"><span class=\"wpcf7-form-control wpcf7-checkbox\"><span class=\"wpcf7-list-item first last\"><input type=\"checkbox\" name=\"zgoda1[]\" value=\"Wyra\u017cam zgod\u0119 na otrzymywanie od SHIM-POL na podany adres e-mail informacji marketingowych w&nbsp;tym wiadomo\u015bci typu newsletter, zaproszenia na&nbsp;seminaria oraz webinary, a&nbsp;tak\u017ce o&nbsp;nowo\u015bciach produktowych i&nbsp;promocjach oraz informacji handlowych drog\u0105 elektroniczn\u0105\" \/><span class=\"wpcf7-list-item-label\">Wyra\u017cam zgod\u0119 na otrzymywanie od SHIM-POL na podany adres e-mail informacji marketingowych w&nbsp;tym wiadomo\u015bci typu newsletter, zaproszenia na&nbsp;seminaria oraz webinary, a&nbsp;tak\u017ce o&nbsp;nowo\u015bciach produktowych i&nbsp;promocjach oraz informacji handlowych drog\u0105 elektroniczn\u0105<\/span><\/span><\/span><\/span><\/p>\n<p style='color:blue; padding-left:30px;margin-top:-20px;font-size:11px;text-align:justify;' >Szanowni Pa\u0144stwo, wyra\u017cenie przez Pa\u0144stwa zgody pozwoli nam na&nbsp;pozostanie z&nbsp;Pa\u0144stwem w&nbsp;sta\u0142ym kontakcie i&nbsp;przesy\u0142anie wa\u017cnych informacji na temat naszych us\u0142ug i&nbsp;produkt\u00f3w. Decyzja nale\u017cy do&nbsp;Pa\u0144stwa. Informujemy, i\u017c maj\u0105 Pa\u0144stwo prawo w&nbsp;ka\u017cdej chwili wycofa\u0107 udzielona zgod\u0119!<\/p>\n<p><span class=\"wpcf7-form-control-wrap zgoda2\"><span class=\"wpcf7-form-control wpcf7-checkbox\"><span class=\"wpcf7-list-item first last\"><input type=\"checkbox\" name=\"zgoda2[]\" value=\"Wyra\u017cam zgod\u0119 na&nbsp;otrzymywanie od&nbsp;SHIM-POL informacji marketingowych w&nbsp;tym zaproszenia na&nbsp;seminaria i&nbsp;webinary, o&nbsp;nowo\u015bciach produktowych i&nbsp;promocjach oraz&nbsp;informacji handlowych drog\u0105 telefoniczn\u0105.\" \/><span class=\"wpcf7-list-item-label\">Wyra\u017cam zgod\u0119 na&nbsp;otrzymywanie od&nbsp;SHIM-POL informacji marketingowych w&nbsp;tym zaproszenia na&nbsp;seminaria i&nbsp;webinary, o&nbsp;nowo\u015bciach produktowych i&nbsp;promocjach oraz&nbsp;informacji handlowych drog\u0105 telefoniczn\u0105.<\/span><\/span><\/span><\/span><\/p>\n<p style='color:blue; padding-left:30px;margin-top:-20px;font-size:11px;text-align:justify;' >Szanowni Pa\u0144stwo, wyra\u017cenie przez Pa\u0144stwa zgody pozwoli nam na&nbsp;pozostanie z&nbsp;Pa\u0144stwem w&nbsp;sta\u0142ym kontakcie i&nbsp;przesy\u0142anie wa\u017cnych informacji na temat naszych us\u0142ug i&nbsp;produkt\u00f3w. Decyzja nale\u017cy do&nbsp;Pa\u0144stwa. Informujemy, i\u017c maj\u0105 Pa\u0144stwo prawo w&nbsp;ka\u017cdej chwili wycofa\u0107 udzielona zgod\u0119!<\/p>\n<div data-id=\"quiz\" data-orig_data_id=\"quiz\"  data-class=\"wpcf7cf_group\">Odpowiedz na pytanie (wymagane):  <span class=\"wpcf7-form-control-wrap zagadka\"><label><span class=\"wpcf7-quiz-label\">dwa doda\u0107 dwa =<\/span> <input type=\"text\" name=\"zagadka\" size=\"40\" class=\"wpcf7-form-control wpcf7-quiz\" autocomplete=\"off\" aria-required=\"true\" aria-invalid=\"false\" \/><\/label><input type=\"hidden\" name=\"_wpcf7_quiz_answer_zagadka\" value=\"42dbb5475487fb5949758dafb3c86294\" \/><\/span><\/div>\n<p><input type=\"submit\" value=\"Wy\u015blij formularz\" class=\"wpcf7-form-control has-spinner wpcf7-submit button\" id=\"form-submit\" \/><\/p>\n<p style=\"display: none !important;\" class=\"akismet-fields-container\" data-prefix=\"_wpcf7_ak_\"><label>&#916;<textarea name=\"_wpcf7_ak_hp_textarea\" cols=\"45\" rows=\"8\" maxlength=\"100\"><\/textarea><\/label><input type=\"hidden\" id=\"ak_js_1\" name=\"_wpcf7_ak_js\" value=\"193\"\/><script>document.getElementById( \"ak_js_1\" ).setAttribute( \"value\", ( new Date() ).getTime() );<\/script><\/p><div class=\"wpcf7-response-output\" aria-hidden=\"true\"><\/div><\/form><\/div>\n<p style=\"text-align: justify; font-size: 15px;\"><strong>Obowi\u0105zek Informacyjny, czyli realizacja prawa do bycia poinformowanym<\/strong><\/p>\n<p>Zgodnie z art. 13 RODO pragniemy poinformowa\u0107, \u017ce Administratorem przekazanych przez Pa\u0144stwa danych osobowych jest SHIM-POL A.M. Borzymowski&#8221; E. Borzymowska-Reszka, A. Reszka Sp\u00f3\u0142ka Jawna, ul. Lubomirskiego 5, 05-080 Izabelin<\/p>\n<p>Przekazane przez Pa\u0144stwa dane osobowe przetwarzane s\u0105 w celu przesy\u0142ania informacji handlowych w tym marketingowych typu newsletter, zaproszenia na seminaria oraz webinary, a tak\u017ce o nowo\u015bciach produktowych i promocjach w odniesieniu do produkt\u00f3w w\u0142asnych i us\u0142ug drog\u0105 elektroniczn\u0105 lub\/i telefoniczn\u0105.<\/p>\n<p>Podstaw\u0105 prawn\u0105 przetwarzania danych w celach marketingowych jest art. 6, ust. 1 lit. a), czyli zgoda osoby, kt\u00f3rej dane dotycz\u0105 oraz art. 6, ust. 1 lit. f), czyli prawnie uzasadniony interes Administratora w wyniku obowi\u0105zuj\u0105cej strony umowy. Poniewa\u017c \u201eSHIM-POL\u201d mo\u017ce przetwarza\u0107 dane osobowe swoich U\u017cytkownik\u00f3w w celach okre\u015blonych w punkcie powy\u017cej, informujemy, i\u017c dane osobowe mog\u0105 by\u0107 ujawniane, udost\u0119pniane odbiorcom lub stronom trzecim, podmiotom, kt\u00f3rym \u201eSHIM-POL\u201d powierza przetwarzanie danych osobowych na mocy i w oparciu umowy powierzenia i zgodnie z wymogami art. 28 RODO (procesorzy, kt\u00f3rzy na zlecenia Administratora dokonuj\u0105 przetwarzania danych osobowych).<\/p>\n<p>Informujemy, i\u017c dane osobowe b\u0119d\u0105 przetwarzane przez okres niezb\u0119dny do realizacji wymienianych powy\u017cej cel\u00f3w: dane osobowe mog\u0105 by\u0107 przetwarzane w celu przesy\u0142ania informacji handlowych w tym marketingowych w odniesieniu do produkt\u00f3w w\u0142asnych i us\u0142ug drog\u0105 elektroniczna lub\/i telefoniczn\u0105 \u2013 przez czas nieokre\u015blony, do momentu wycofania zgody lub zg\u0142oszenia sprzeciwu. Zgodnie z RODO informujemy o przys\u0142uguj\u0105cym Pa\u0144stwu prawie do: \u017c\u0105dania od \u201eSHIM-POL\u201d dost\u0119pu do swoich danych osobowych, ich sprostowania, usuni\u0119cia lub ograniczenia przetwarzania lub o prawie do wniesienia sprzeciwu wobec przetwarzania, a tak\u017ce o prawie do przenoszenia danych. Zgodnie z RODO informujemy, i\u017c w przypadku przetwarzania danych osobowych w oparciu o wyra\u017con\u0105 zgod\u0119, wszystkie wyra\u017cone zgody mog\u0105 by\u0107 wycofane w dowolnym momencie bez wp\u0142ywu na zgodno\u015b\u0107 z prawem przetwarzania, kt\u00f3rego dokonano na podstawie zgody przed jej cofni\u0119ciem.<\/p>\n<p>Osobie, kt\u00f3rej dane osobowe s\u0105 przetwarzane przys\u0142uguje prawo wniesienia skargi w zakresie przetwarzania danych do organu nadzorczego, kt\u00f3rym jest Prezes Urz\u0119du Ochrony Danych Osobowych. Informuje si\u0119, i\u017c w zwi\u0105zku z realizacj\u0105 cel\u00f3w okre\u015blonych w powy\u017cej, podanie danych osobowych mo\u017ce mie\u0107 charakter dobrowolny, ale podanie danych jest niezb\u0119dne do realizacji cel\u00f3w zwi\u0105zanych z przesy\u0142aniem informacji handlowych w tym marketingowych w odniesieniu do produkt\u00f3w w\u0142asnych i us\u0142ug lub partner\u00f3w biznesowych wsp\u00f3\u0142pracuj\u0105cych z \u201eSHIM-POL\u201d, drog\u0105 elektroniczn\u0105 lub\/i telefoniczn\u0105.<\/p>\n\n\n<p><\/p>\n","protected":false},"excerpt":{"rendered":"<p>Obowi\u0105zek Informacyjny, czyli realizacja prawa do bycia poinformowanym Zgodnie z art. 13 RODO pragniemy poinformowa\u0107, \u017ce Administratorem przekazanych przez Pa\u0144stwa danych osobowych jest SHIM-POL A.M. Borzymowski&#8221; E. Borzymowska-Reszka, A. Reszka Sp\u00f3\u0142ka Jawna, ul. Lubomirskiego 5, 05-080 Izabelin Przekazane przez Pa\u0144stwa dane osobowe przetwarzane s\u0105 w celu przesy\u0142ania informacji handlowych w tym marketingowych typu newsletter, zaproszenia &hellip; <a href=\"https:\/\/zgoda.shim-pol.pl\/\" class=\"more-link\">Czytaj dalej<span class=\"screen-reader-text\"> Formularz zgody<\/span><\/a><\/p>\n","protected":false},"author":1,"featured_media":0,"parent":0,"menu_order":0,"comment_status":"closed","ping_status":"closed","template":"","meta":{"footnotes":""},"class_list":["post-4","page","type-page","status-publish","hentry"],"_links":{"self":[{"href":"https:\/\/zgoda.shim-pol.pl\/index.php\/wp-json\/wp\/v2\/pages\/4","targetHints":{"allow":["GET"]}}],"collection":[{"href":"https:\/\/zgoda.shim-pol.pl\/index.php\/wp-json\/wp\/v2\/pages"}],"about":[{"href":"https:\/\/zgoda.shim-pol.pl\/index.php\/wp-json\/wp\/v2\/types\/page"}],"author":[{"embeddable":true,"href":"https:\/\/zgoda.shim-pol.pl\/index.php\/wp-json\/wp\/v2\/users\/1"}],"replies":[{"embeddable":true,"href":"https:\/\/zgoda.shim-pol.pl\/index.php\/wp-json\/wp\/v2\/comments?post=4"}],"version-history":[{"count":42,"href":"https:\/\/zgoda.shim-pol.pl\/index.php\/wp-json\/wp\/v2\/pages\/4\/revisions"}],"predecessor-version":[{"id":142,"href":"https:\/\/zgoda.shim-pol.pl\/index.php\/wp-json\/wp\/v2\/pages\/4\/revisions\/142"}],"wp:attachment":[{"href":"https:\/\/zgoda.shim-pol.pl\/index.php\/wp-json\/wp\/v2\/media?parent=4"}],"curies":[{"name":"wp","href":"https:\/\/api.w.org\/{rel}","templated":true}]}}